{"id":7997,"date":"2021-03-23T18:29:42","date_gmt":"2021-03-23T18:29:42","guid":{"rendered":"https:\/\/criscocanada.com\/product\/all-vegetable-shortening-baking-sticks\/"},"modified":"2021-05-25T19:01:06","modified_gmt":"2021-05-25T19:01:06","slug":"all-vegetable-shortening-baking-sticks","status":"publish","type":"product","link":"https:\/\/criscocanada.com\/fr-ca\/produit\/all-vegetable-shortening-baking-sticks\/","title":{"rendered":"B\u00e2tonnets de Shortening Tout V\u00e9g\u00e9tal"},"content":{"rendered":"<p>Le shortening\u00a0<strong>Crisco<sup>\u00ae<\/sup><\/strong>\u00a0tout v\u00e9g\u00e9tal est parfait pour la friture et la boulangerie-p\u00e2tisserie.\u00a0Notre recette infaillible de cro\u00fbte \u00e0 tarte donne une p\u00e2te l\u00e9g\u00e8re et feuillet\u00e9e chaque fois. Essayez\u00a0<strong>Crisco<\/strong>\u00a0quand vous pr\u00e9parerez votre prochaine fourn\u00e9e de biscuits et ils seront extra moelleux et tendres. Le shortening\u00a0<strong>Crisco<\/strong>\u00a0est id\u00e9al pour la friture parce qu&rsquo;il ne br\u00fble pas et ne roussit pas, mais donne plut\u00f4t un bon go\u00fbt et une allure dor\u00e9e \u00e0 tous vos mets frits.<\/p>\n","protected":false},"excerpt":{"rendered":"<p>Le shortening\u00a0Crisco\u00ae\u00a0tout v\u00e9g\u00e9tal est parfait pour la friture et la boulangerie-p\u00e2tisserie.\u00a0Notre recette infaillible de cro\u00fbte \u00e0 tarte donne une p\u00e2te l\u00e9g\u00e8re et feuillet\u00e9e chaque fois. Essayez\u00a0Crisco\u00a0quand vous pr\u00e9parerez votre prochaine fourn\u00e9e de biscuits et ils seront extra moelleux et tendres. Le shortening\u00a0Crisco\u00a0est id\u00e9al pour la friture parce qu&rsquo;il ne br\u00fble pas et ne roussit pas, [&hellip;]<\/p>\n","protected":false},"featured_media":11311,"template":"","meta":{"_acf_changed":false,"yasr_overall_rating":0,"yasr_post_is_review":"","yasr_auto_insert_disabled":"","yasr_review_type":""},"product_brand":[],"product_cat":[1581],"product_tag":[],"class_list":{"0":"post-7997","1":"product","2":"type-product","3":"status-publish","4":"has-post-thumbnail","6":"product_cat-shortening","8":"first","9":"instock","10":"shipping-taxable","11":"product-type-simple"},"acf":[],"yoast_head":"<!-- This site is optimized with the Yoast SEO Premium plugin v27.4 (Yoast SEO v27.4) - https:\/\/yoast.com\/product\/yoast-seo-premium-wordpress\/ -->\n<title>B\u00e2tonnets de Shortening Tout V\u00e9g\u00e9tal - Crisco\u00ae<\/title>\n<meta name=\"robots\" content=\"index, follow, max-snippet:-1, max-image-preview:large, max-video-preview:-1\" \/>\n<link rel=\"canonical\" href=\"https:\/\/criscocanada.com\/fr-ca\/produit\/all-vegetable-shortening-baking-sticks\/\" \/>\n<meta property=\"og:locale\" content=\"fr_CA\" \/>\n<meta property=\"og:type\" content=\"article\" \/>\n<meta property=\"og:title\" content=\"B\u00e2tonnets de Shortening Tout V\u00e9g\u00e9tal\" \/>\n<meta property=\"og:description\" content=\"Le shortening\u00a0Crisco\u00ae\u00a0tout v\u00e9g\u00e9tal est parfait pour la friture et la boulangerie-p\u00e2tisserie.\u00a0Notre recette infaillible de cro\u00fbte \u00e0 tarte donne une p\u00e2te\" \/>\n<meta property=\"og:url\" content=\"https:\/\/criscocanada.com\/fr-ca\/produit\/all-vegetable-shortening-baking-sticks\/\" \/>\n<meta property=\"og:site_name\" content=\"Crisco\u00ae\" \/>\n<meta property=\"article:modified_time\" content=\"2021-05-25T19:01:06+00:00\" \/>\n<meta property=\"og:image\" content=\"https:\/\/criscocanada.com\/wp-content\/uploads\/product-vegshorteningsticks_ca_fr.png\" \/>\n\t<meta property=\"og:image:width\" content=\"1000\" \/>\n\t<meta property=\"og:image:height\" content=\"1000\" \/>\n\t<meta property=\"og:image:type\" content=\"image\/png\" \/>\n<meta name=\"twitter:card\" content=\"summary_large_image\" \/>\n<script type=\"application\/ld+json\" class=\"yoast-schema-graph\">{\"@context\":\"https:\\\/\\\/schema.org\",\"@graph\":[{\"@type\":\"WebPage\",\"@id\":\"https:\\\/\\\/criscocanada.com\\\/fr-ca\\\/produit\\\/all-vegetable-shortening-baking-sticks\\\/\",\"url\":\"https:\\\/\\\/criscocanada.com\\\/fr-ca\\\/produit\\\/all-vegetable-shortening-baking-sticks\\\/\",\"name\":\"B\u00e2tonnets de Shortening Tout V\u00e9g\u00e9tal - Crisco\u00ae\",\"isPartOf\":{\"@id\":\"https:\\\/\\\/criscocanada.com\\\/#website\"},\"primaryImageOfPage\":{\"@id\":\"https:\\\/\\\/criscocanada.com\\\/fr-ca\\\/produit\\\/all-vegetable-shortening-baking-sticks\\\/#primaryimage\"},\"image\":{\"@id\":\"https:\\\/\\\/criscocanada.com\\\/fr-ca\\\/produit\\\/all-vegetable-shortening-baking-sticks\\\/#primaryimage\"},\"thumbnailUrl\":\"https:\\\/\\\/criscocanada.com\\\/wp-content\\\/uploads\\\/product-vegshorteningsticks_ca_fr.png\",\"datePublished\":\"2021-03-23T18:29:42+00:00\",\"dateModified\":\"2021-05-25T19:01:06+00:00\",\"breadcrumb\":{\"@id\":\"https:\\\/\\\/criscocanada.com\\\/fr-ca\\\/produit\\\/all-vegetable-shortening-baking-sticks\\\/#breadcrumb\"},\"inLanguage\":\"fr-CA\",\"potentialAction\":[{\"@type\":\"ReadAction\",\"target\":[\"https:\\\/\\\/criscocanada.com\\\/fr-ca\\\/produit\\\/all-vegetable-shortening-baking-sticks\\\/\"]}]},{\"@type\":\"ImageObject\",\"inLanguage\":\"fr-CA\",\"@id\":\"https:\\\/\\\/criscocanada.com\\\/fr-ca\\\/produit\\\/all-vegetable-shortening-baking-sticks\\\/#primaryimage\",\"url\":\"https:\\\/\\\/criscocanada.com\\\/wp-content\\\/uploads\\\/product-vegshorteningsticks_ca_fr.png\",\"contentUrl\":\"https:\\\/\\\/criscocanada.com\\\/wp-content\\\/uploads\\\/product-vegshorteningsticks_ca_fr.png\",\"width\":1000,\"height\":1000},{\"@type\":\"BreadcrumbList\",\"@id\":\"https:\\\/\\\/criscocanada.com\\\/fr-ca\\\/produit\\\/all-vegetable-shortening-baking-sticks\\\/#breadcrumb\",\"itemListElement\":[{\"@type\":\"ListItem\",\"position\":1,\"name\":\"Home\",\"item\":\"https:\\\/\\\/criscocanada.com\\\/fr-ca\\\/\"},{\"@type\":\"ListItem\",\"position\":2,\"name\":\"Products\",\"item\":\"https:\\\/\\\/criscocanada.com\\\/shop\\\/\"},{\"@type\":\"ListItem\",\"position\":3,\"name\":\"B\u00e2tonnets de Shortening Tout V\u00e9g\u00e9tal\"}]},{\"@type\":\"WebSite\",\"@id\":\"https:\\\/\\\/criscocanada.com\\\/#website\",\"url\":\"https:\\\/\\\/criscocanada.com\\\/\",\"name\":\"Crisco\u00ae\",\"description\":\"At Crisco, we maximize the flavor of our spices to ensure you get the most out of dinner time with the ones you love.\",\"publisher\":{\"@id\":\"https:\\\/\\\/criscocanada.com\\\/#organization\"},\"potentialAction\":[{\"@type\":\"SearchAction\",\"target\":{\"@type\":\"EntryPoint\",\"urlTemplate\":\"https:\\\/\\\/criscocanada.com\\\/?s={search_term_string}\"},\"query-input\":{\"@type\":\"PropertyValueSpecification\",\"valueRequired\":true,\"valueName\":\"search_term_string\"}}],\"inLanguage\":\"fr-CA\"},{\"@type\":\"Organization\",\"@id\":\"https:\\\/\\\/criscocanada.com\\\/#organization\",\"name\":\"Crisco\u00ae Canada\",\"url\":\"https:\\\/\\\/criscocanada.com\\\/\",\"logo\":{\"@type\":\"ImageObject\",\"inLanguage\":\"fr-CA\",\"@id\":\"https:\\\/\\\/criscocanada.com\\\/#\\\/schema\\\/logo\\\/image\\\/\",\"url\":\"https:\\\/\\\/criscocanada.com\\\/wp-content\\\/uploads\\\/crisco-logo.png\",\"contentUrl\":\"https:\\\/\\\/criscocanada.com\\\/wp-content\\\/uploads\\\/crisco-logo.png\",\"width\":438,\"height\":315,\"caption\":\"Crisco\u00ae Canada\"},\"image\":{\"@id\":\"https:\\\/\\\/criscocanada.com\\\/#\\\/schema\\\/logo\\\/image\\\/\"},\"sameAs\":[\"https:\\\/\\\/www.pinterest.ca\\\/canadacrisco\"]},false]}<\/script>\n<!-- \/ Yoast SEO Premium plugin. -->","yoast_head_json":{"title":"B\u00e2tonnets de Shortening Tout V\u00e9g\u00e9tal - Crisco\u00ae","robots":{"index":"index","follow":"follow","max-snippet":"max-snippet:-1","max-image-preview":"max-image-preview:large","max-video-preview":"max-video-preview:-1"},"canonical":"https:\/\/criscocanada.com\/fr-ca\/produit\/all-vegetable-shortening-baking-sticks\/","og_locale":"fr_CA","og_type":"article","og_title":"B\u00e2tonnets de Shortening Tout V\u00e9g\u00e9tal","og_description":"Le shortening\u00a0Crisco\u00ae\u00a0tout v\u00e9g\u00e9tal est parfait pour la friture et la boulangerie-p\u00e2tisserie.\u00a0Notre recette infaillible de cro\u00fbte \u00e0 tarte donne une p\u00e2te","og_url":"https:\/\/criscocanada.com\/fr-ca\/produit\/all-vegetable-shortening-baking-sticks\/","og_site_name":"Crisco\u00ae","article_modified_time":"2021-05-25T19:01:06+00:00","og_image":[{"width":1000,"height":1000,"url":"https:\/\/criscocanada.com\/wp-content\/uploads\/product-vegshorteningsticks_ca_fr.png","type":"image\/png"}],"twitter_card":"summary_large_image","schema":{"@context":"https:\/\/schema.org","@graph":[{"@type":"WebPage","@id":"https:\/\/criscocanada.com\/fr-ca\/produit\/all-vegetable-shortening-baking-sticks\/","url":"https:\/\/criscocanada.com\/fr-ca\/produit\/all-vegetable-shortening-baking-sticks\/","name":"B\u00e2tonnets de Shortening Tout V\u00e9g\u00e9tal - Crisco\u00ae","isPartOf":{"@id":"https:\/\/criscocanada.com\/#website"},"primaryImageOfPage":{"@id":"https:\/\/criscocanada.com\/fr-ca\/produit\/all-vegetable-shortening-baking-sticks\/#primaryimage"},"image":{"@id":"https:\/\/criscocanada.com\/fr-ca\/produit\/all-vegetable-shortening-baking-sticks\/#primaryimage"},"thumbnailUrl":"https:\/\/criscocanada.com\/wp-content\/uploads\/product-vegshorteningsticks_ca_fr.png","datePublished":"2021-03-23T18:29:42+00:00","dateModified":"2021-05-25T19:01:06+00:00","breadcrumb":{"@id":"https:\/\/criscocanada.com\/fr-ca\/produit\/all-vegetable-shortening-baking-sticks\/#breadcrumb"},"inLanguage":"fr-CA","potentialAction":[{"@type":"ReadAction","target":["https:\/\/criscocanada.com\/fr-ca\/produit\/all-vegetable-shortening-baking-sticks\/"]}]},{"@type":"ImageObject","inLanguage":"fr-CA","@id":"https:\/\/criscocanada.com\/fr-ca\/produit\/all-vegetable-shortening-baking-sticks\/#primaryimage","url":"https:\/\/criscocanada.com\/wp-content\/uploads\/product-vegshorteningsticks_ca_fr.png","contentUrl":"https:\/\/criscocanada.com\/wp-content\/uploads\/product-vegshorteningsticks_ca_fr.png","width":1000,"height":1000},{"@type":"BreadcrumbList","@id":"https:\/\/criscocanada.com\/fr-ca\/produit\/all-vegetable-shortening-baking-sticks\/#breadcrumb","itemListElement":[{"@type":"ListItem","position":1,"name":"Home","item":"https:\/\/criscocanada.com\/fr-ca\/"},{"@type":"ListItem","position":2,"name":"Products","item":"https:\/\/criscocanada.com\/shop\/"},{"@type":"ListItem","position":3,"name":"B\u00e2tonnets de Shortening Tout V\u00e9g\u00e9tal"}]},{"@type":"WebSite","@id":"https:\/\/criscocanada.com\/#website","url":"https:\/\/criscocanada.com\/","name":"Crisco\u00ae","description":"At Crisco, we maximize the flavor of our spices to ensure you get the most out of dinner time with the ones you love.","publisher":{"@id":"https:\/\/criscocanada.com\/#organization"},"potentialAction":[{"@type":"SearchAction","target":{"@type":"EntryPoint","urlTemplate":"https:\/\/criscocanada.com\/?s={search_term_string}"},"query-input":{"@type":"PropertyValueSpecification","valueRequired":true,"valueName":"search_term_string"}}],"inLanguage":"fr-CA"},{"@type":"Organization","@id":"https:\/\/criscocanada.com\/#organization","name":"Crisco\u00ae Canada","url":"https:\/\/criscocanada.com\/","logo":{"@type":"ImageObject","inLanguage":"fr-CA","@id":"https:\/\/criscocanada.com\/#\/schema\/logo\/image\/","url":"https:\/\/criscocanada.com\/wp-content\/uploads\/crisco-logo.png","contentUrl":"https:\/\/criscocanada.com\/wp-content\/uploads\/crisco-logo.png","width":438,"height":315,"caption":"Crisco\u00ae Canada"},"image":{"@id":"https:\/\/criscocanada.com\/#\/schema\/logo\/image\/"},"sameAs":["https:\/\/www.pinterest.ca\/canadacrisco"]},false]}},"yasr_visitor_votes":{"stars_attributes":{"read_only":false,"span_bottom":false},"number_of_votes":0,"sum_votes":0},"_links":{"self":[{"href":"https:\/\/criscocanada.com\/fr-ca\/wp-json\/wp\/v2\/product\/7997","targetHints":{"allow":["GET"]}}],"collection":[{"href":"https:\/\/criscocanada.com\/fr-ca\/wp-json\/wp\/v2\/product"}],"about":[{"href":"https:\/\/criscocanada.com\/fr-ca\/wp-json\/wp\/v2\/types\/product"}],"wp:featuredmedia":[{"embeddable":true,"href":"https:\/\/criscocanada.com\/fr-ca\/wp-json\/wp\/v2\/media\/11311"}],"wp:attachment":[{"href":"https:\/\/criscocanada.com\/fr-ca\/wp-json\/wp\/v2\/media?parent=7997"}],"wp:term":[{"taxonomy":"product_brand","embeddable":true,"href":"https:\/\/criscocanada.com\/fr-ca\/wp-json\/wp\/v2\/product_brand?post=7997"},{"taxonomy":"product_cat","embeddable":true,"href":"https:\/\/criscocanada.com\/fr-ca\/wp-json\/wp\/v2\/product_cat?post=7997"},{"taxonomy":"product_tag","embeddable":true,"href":"https:\/\/criscocanada.com\/fr-ca\/wp-json\/wp\/v2\/product_tag?post=7997"}],"curies":[{"name":"wp","href":"https:\/\/api.w.org\/{rel}","templated":true}]}}