{"id":7993,"date":"2021-03-23T18:29:36","date_gmt":"2021-03-23T18:29:36","guid":{"rendered":"https:\/\/criscocanada.com\/product\/pure-vegetable-oil\/"},"modified":"2024-10-18T14:02:20","modified_gmt":"2024-10-18T14:02:20","slug":"vegetable-oil","status":"publish","type":"product","link":"https:\/\/criscocanada.com\/fr-ca\/produit\/vegetable-oil\/","title":{"rendered":"Huile V\u00e9g\u00e9tale"},"content":{"rendered":"<p>Le go\u00fbt l\u00e9ger de l&rsquo;huile v\u00e9g\u00e9tale<strong>\u00a0Crisco<sup>\u00ae<\/sup><\/strong>\u00a0permet de lib\u00e9rer les saveurs de vos recettes pr\u00e9f\u00e9r\u00e9es. L\u2019huile v\u00e9g\u00e9tale\u00a0<strong>Crisco<\/strong>\u00a0est produite et emball\u00e9e selon des proc\u00e9d\u00e9s \u00e0 la fine pointe de la technologie pour assurer sa fra\u00eecheur et sa qualit\u00e9, sans ajouter un go\u00fbt graisseux ou prononc\u00e9 \u00e0 vos aliments. L\u2019huile v\u00e9g\u00e9tale\u00a0<strong>Crisco<\/strong>\u00a0peut \u00eatre utilis\u00e9e pour la friture, la boulangerie-p\u00e2tisserie ou les saut\u00e9s.<\/p>\n<p>L\u2019huile v\u00e9g\u00e9tale\u00a0<strong>Crisco\u00a0<\/strong>est, comme toutes les huiles v\u00e9g\u00e9tales, sans cholest\u00e9rol et sans sel.<\/p>\n","protected":false},"excerpt":{"rendered":"<p>Le go\u00fbt l\u00e9ger de l&rsquo;huile v\u00e9g\u00e9tale\u00a0Crisco\u00ae\u00a0permet de lib\u00e9rer les saveurs de vos recettes pr\u00e9f\u00e9r\u00e9es. L\u2019huile v\u00e9g\u00e9tale\u00a0Crisco\u00a0est produite et emball\u00e9e selon des proc\u00e9d\u00e9s \u00e0 la fine pointe de la technologie pour assurer sa fra\u00eecheur et sa qualit\u00e9, sans ajouter un go\u00fbt graisseux ou prononc\u00e9 \u00e0 vos aliments. L\u2019huile v\u00e9g\u00e9tale\u00a0Crisco\u00a0peut \u00eatre utilis\u00e9e pour la friture, la boulangerie-p\u00e2tisserie [&hellip;]<\/p>\n","protected":false},"featured_media":11834,"template":"","meta":{"_acf_changed":false,"yasr_overall_rating":0,"yasr_post_is_review":"","yasr_auto_insert_disabled":"","yasr_review_type":""},"product_brand":[],"product_cat":[1584,1583,1582],"product_tag":[],"class_list":{"0":"post-7993","1":"product","2":"type-product","3":"status-publish","4":"has-post-thumbnail","6":"product_cat-baking-featured-fr-ca","7":"product_cat-featured-fr-ca","8":"product_cat-cooking-oil","10":"first","11":"instock","12":"shipping-taxable","13":"product-type-simple"},"acf":[],"yoast_head":"<!-- This site is optimized with the Yoast SEO Premium plugin v27.4 (Yoast SEO v27.4) - https:\/\/yoast.com\/product\/yoast-seo-premium-wordpress\/ -->\n<title>Huile V\u00e9g\u00e9tale - Crisco\u00ae<\/title>\n<meta name=\"robots\" content=\"index, follow, max-snippet:-1, max-image-preview:large, max-video-preview:-1\" \/>\n<link rel=\"canonical\" href=\"https:\/\/criscocanada.com\/fr-ca\/produit\/vegetable-oil\/\" \/>\n<meta property=\"og:locale\" content=\"fr_CA\" \/>\n<meta property=\"og:type\" content=\"article\" \/>\n<meta property=\"og:title\" content=\"Huile V\u00e9g\u00e9tale\" \/>\n<meta property=\"og:description\" content=\"Le go\u00fbt l\u00e9ger de l&#039;huile v\u00e9g\u00e9tale\u00a0Crisco\u00ae\u00a0permet de lib\u00e9rer les saveurs de vos recettes pr\u00e9f\u00e9r\u00e9es. L\u2019huile v\u00e9g\u00e9tale\u00a0Crisco\u00a0est produite et emball\u00e9e selon\" \/>\n<meta property=\"og:url\" content=\"https:\/\/criscocanada.com\/fr-ca\/produit\/vegetable-oil\/\" \/>\n<meta property=\"og:site_name\" content=\"Crisco\u00ae\" \/>\n<meta property=\"article:modified_time\" content=\"2024-10-18T14:02:20+00:00\" \/>\n<meta property=\"og:image\" content=\"https:\/\/criscocanada.com\/wp-content\/uploads\/Crisco-CA-Veg-Oil.png\" \/>\n\t<meta property=\"og:image:width\" content=\"900\" \/>\n\t<meta property=\"og:image:height\" content=\"900\" \/>\n\t<meta property=\"og:image:type\" content=\"image\/png\" \/>\n<meta name=\"twitter:card\" content=\"summary_large_image\" \/>\n<meta name=\"twitter:label1\" content=\"Estimation du temps de lecture\" \/>\n\t<meta name=\"twitter:data1\" content=\"1 minute\" \/>\n<script type=\"application\/ld+json\" class=\"yoast-schema-graph\">{\"@context\":\"https:\\\/\\\/schema.org\",\"@graph\":[{\"@type\":\"WebPage\",\"@id\":\"https:\\\/\\\/criscocanada.com\\\/fr-ca\\\/produit\\\/vegetable-oil\\\/\",\"url\":\"https:\\\/\\\/criscocanada.com\\\/fr-ca\\\/produit\\\/vegetable-oil\\\/\",\"name\":\"Huile V\u00e9g\u00e9tale - Crisco\u00ae\",\"isPartOf\":{\"@id\":\"https:\\\/\\\/criscocanada.com\\\/#website\"},\"primaryImageOfPage\":{\"@id\":\"https:\\\/\\\/criscocanada.com\\\/fr-ca\\\/produit\\\/vegetable-oil\\\/#primaryimage\"},\"image\":{\"@id\":\"https:\\\/\\\/criscocanada.com\\\/fr-ca\\\/produit\\\/vegetable-oil\\\/#primaryimage\"},\"thumbnailUrl\":\"https:\\\/\\\/criscocanada.com\\\/wp-content\\\/uploads\\\/Crisco-CA-Veg-Oil.png\",\"datePublished\":\"2021-03-23T18:29:36+00:00\",\"dateModified\":\"2024-10-18T14:02:20+00:00\",\"breadcrumb\":{\"@id\":\"https:\\\/\\\/criscocanada.com\\\/fr-ca\\\/produit\\\/vegetable-oil\\\/#breadcrumb\"},\"inLanguage\":\"fr-CA\",\"potentialAction\":[{\"@type\":\"ReadAction\",\"target\":[\"https:\\\/\\\/criscocanada.com\\\/fr-ca\\\/produit\\\/vegetable-oil\\\/\"]}]},{\"@type\":\"ImageObject\",\"inLanguage\":\"fr-CA\",\"@id\":\"https:\\\/\\\/criscocanada.com\\\/fr-ca\\\/produit\\\/vegetable-oil\\\/#primaryimage\",\"url\":\"https:\\\/\\\/criscocanada.com\\\/wp-content\\\/uploads\\\/Crisco-CA-Veg-Oil.png\",\"contentUrl\":\"https:\\\/\\\/criscocanada.com\\\/wp-content\\\/uploads\\\/Crisco-CA-Veg-Oil.png\",\"width\":900,\"height\":900},{\"@type\":\"BreadcrumbList\",\"@id\":\"https:\\\/\\\/criscocanada.com\\\/fr-ca\\\/produit\\\/vegetable-oil\\\/#breadcrumb\",\"itemListElement\":[{\"@type\":\"ListItem\",\"position\":1,\"name\":\"Home\",\"item\":\"https:\\\/\\\/criscocanada.com\\\/fr-ca\\\/\"},{\"@type\":\"ListItem\",\"position\":2,\"name\":\"Products\",\"item\":\"https:\\\/\\\/criscocanada.com\\\/shop\\\/\"},{\"@type\":\"ListItem\",\"position\":3,\"name\":\"Huile V\u00e9g\u00e9tale\"}]},{\"@type\":\"WebSite\",\"@id\":\"https:\\\/\\\/criscocanada.com\\\/#website\",\"url\":\"https:\\\/\\\/criscocanada.com\\\/\",\"name\":\"Crisco\u00ae\",\"description\":\"At Crisco, we maximize the flavor of our spices to ensure you get the most out of dinner time with the ones you love.\",\"publisher\":{\"@id\":\"https:\\\/\\\/criscocanada.com\\\/#organization\"},\"potentialAction\":[{\"@type\":\"SearchAction\",\"target\":{\"@type\":\"EntryPoint\",\"urlTemplate\":\"https:\\\/\\\/criscocanada.com\\\/?s={search_term_string}\"},\"query-input\":{\"@type\":\"PropertyValueSpecification\",\"valueRequired\":true,\"valueName\":\"search_term_string\"}}],\"inLanguage\":\"fr-CA\"},{\"@type\":\"Organization\",\"@id\":\"https:\\\/\\\/criscocanada.com\\\/#organization\",\"name\":\"Crisco\u00ae Canada\",\"url\":\"https:\\\/\\\/criscocanada.com\\\/\",\"logo\":{\"@type\":\"ImageObject\",\"inLanguage\":\"fr-CA\",\"@id\":\"https:\\\/\\\/criscocanada.com\\\/#\\\/schema\\\/logo\\\/image\\\/\",\"url\":\"https:\\\/\\\/criscocanada.com\\\/wp-content\\\/uploads\\\/crisco-logo.png\",\"contentUrl\":\"https:\\\/\\\/criscocanada.com\\\/wp-content\\\/uploads\\\/crisco-logo.png\",\"width\":438,\"height\":315,\"caption\":\"Crisco\u00ae Canada\"},\"image\":{\"@id\":\"https:\\\/\\\/criscocanada.com\\\/#\\\/schema\\\/logo\\\/image\\\/\"},\"sameAs\":[\"https:\\\/\\\/www.pinterest.ca\\\/canadacrisco\"]},false]}<\/script>\n<!-- \/ Yoast SEO Premium plugin. -->","yoast_head_json":{"title":"Huile V\u00e9g\u00e9tale - Crisco\u00ae","robots":{"index":"index","follow":"follow","max-snippet":"max-snippet:-1","max-image-preview":"max-image-preview:large","max-video-preview":"max-video-preview:-1"},"canonical":"https:\/\/criscocanada.com\/fr-ca\/produit\/vegetable-oil\/","og_locale":"fr_CA","og_type":"article","og_title":"Huile V\u00e9g\u00e9tale","og_description":"Le go\u00fbt l\u00e9ger de l'huile v\u00e9g\u00e9tale\u00a0Crisco\u00ae\u00a0permet de lib\u00e9rer les saveurs de vos recettes pr\u00e9f\u00e9r\u00e9es. L\u2019huile v\u00e9g\u00e9tale\u00a0Crisco\u00a0est produite et emball\u00e9e selon","og_url":"https:\/\/criscocanada.com\/fr-ca\/produit\/vegetable-oil\/","og_site_name":"Crisco\u00ae","article_modified_time":"2024-10-18T14:02:20+00:00","og_image":[{"width":900,"height":900,"url":"https:\/\/criscocanada.com\/wp-content\/uploads\/Crisco-CA-Veg-Oil.png","type":"image\/png"}],"twitter_card":"summary_large_image","twitter_misc":{"Estimation du temps de lecture":"1 minute"},"schema":{"@context":"https:\/\/schema.org","@graph":[{"@type":"WebPage","@id":"https:\/\/criscocanada.com\/fr-ca\/produit\/vegetable-oil\/","url":"https:\/\/criscocanada.com\/fr-ca\/produit\/vegetable-oil\/","name":"Huile V\u00e9g\u00e9tale - Crisco\u00ae","isPartOf":{"@id":"https:\/\/criscocanada.com\/#website"},"primaryImageOfPage":{"@id":"https:\/\/criscocanada.com\/fr-ca\/produit\/vegetable-oil\/#primaryimage"},"image":{"@id":"https:\/\/criscocanada.com\/fr-ca\/produit\/vegetable-oil\/#primaryimage"},"thumbnailUrl":"https:\/\/criscocanada.com\/wp-content\/uploads\/Crisco-CA-Veg-Oil.png","datePublished":"2021-03-23T18:29:36+00:00","dateModified":"2024-10-18T14:02:20+00:00","breadcrumb":{"@id":"https:\/\/criscocanada.com\/fr-ca\/produit\/vegetable-oil\/#breadcrumb"},"inLanguage":"fr-CA","potentialAction":[{"@type":"ReadAction","target":["https:\/\/criscocanada.com\/fr-ca\/produit\/vegetable-oil\/"]}]},{"@type":"ImageObject","inLanguage":"fr-CA","@id":"https:\/\/criscocanada.com\/fr-ca\/produit\/vegetable-oil\/#primaryimage","url":"https:\/\/criscocanada.com\/wp-content\/uploads\/Crisco-CA-Veg-Oil.png","contentUrl":"https:\/\/criscocanada.com\/wp-content\/uploads\/Crisco-CA-Veg-Oil.png","width":900,"height":900},{"@type":"BreadcrumbList","@id":"https:\/\/criscocanada.com\/fr-ca\/produit\/vegetable-oil\/#breadcrumb","itemListElement":[{"@type":"ListItem","position":1,"name":"Home","item":"https:\/\/criscocanada.com\/fr-ca\/"},{"@type":"ListItem","position":2,"name":"Products","item":"https:\/\/criscocanada.com\/shop\/"},{"@type":"ListItem","position":3,"name":"Huile V\u00e9g\u00e9tale"}]},{"@type":"WebSite","@id":"https:\/\/criscocanada.com\/#website","url":"https:\/\/criscocanada.com\/","name":"Crisco\u00ae","description":"At Crisco, we maximize the flavor of our spices to ensure you get the most out of dinner time with the ones you love.","publisher":{"@id":"https:\/\/criscocanada.com\/#organization"},"potentialAction":[{"@type":"SearchAction","target":{"@type":"EntryPoint","urlTemplate":"https:\/\/criscocanada.com\/?s={search_term_string}"},"query-input":{"@type":"PropertyValueSpecification","valueRequired":true,"valueName":"search_term_string"}}],"inLanguage":"fr-CA"},{"@type":"Organization","@id":"https:\/\/criscocanada.com\/#organization","name":"Crisco\u00ae Canada","url":"https:\/\/criscocanada.com\/","logo":{"@type":"ImageObject","inLanguage":"fr-CA","@id":"https:\/\/criscocanada.com\/#\/schema\/logo\/image\/","url":"https:\/\/criscocanada.com\/wp-content\/uploads\/crisco-logo.png","contentUrl":"https:\/\/criscocanada.com\/wp-content\/uploads\/crisco-logo.png","width":438,"height":315,"caption":"Crisco\u00ae Canada"},"image":{"@id":"https:\/\/criscocanada.com\/#\/schema\/logo\/image\/"},"sameAs":["https:\/\/www.pinterest.ca\/canadacrisco"]},false]}},"yasr_visitor_votes":{"stars_attributes":{"read_only":false,"span_bottom":false},"number_of_votes":0,"sum_votes":0},"_links":{"self":[{"href":"https:\/\/criscocanada.com\/fr-ca\/wp-json\/wp\/v2\/product\/7993","targetHints":{"allow":["GET"]}}],"collection":[{"href":"https:\/\/criscocanada.com\/fr-ca\/wp-json\/wp\/v2\/product"}],"about":[{"href":"https:\/\/criscocanada.com\/fr-ca\/wp-json\/wp\/v2\/types\/product"}],"wp:featuredmedia":[{"embeddable":true,"href":"https:\/\/criscocanada.com\/fr-ca\/wp-json\/wp\/v2\/media\/11834"}],"wp:attachment":[{"href":"https:\/\/criscocanada.com\/fr-ca\/wp-json\/wp\/v2\/media?parent=7993"}],"wp:term":[{"taxonomy":"product_brand","embeddable":true,"href":"https:\/\/criscocanada.com\/fr-ca\/wp-json\/wp\/v2\/product_brand?post=7993"},{"taxonomy":"product_cat","embeddable":true,"href":"https:\/\/criscocanada.com\/fr-ca\/wp-json\/wp\/v2\/product_cat?post=7993"},{"taxonomy":"product_tag","embeddable":true,"href":"https:\/\/criscocanada.com\/fr-ca\/wp-json\/wp\/v2\/product_tag?post=7993"}],"curies":[{"name":"wp","href":"https:\/\/api.w.org\/{rel}","templated":true}]}}