{"id":7885,"date":"2020-09-01T16:51:26","date_gmt":"2020-09-01T16:51:26","guid":{"rendered":"https:\/\/criscocanada.com\/about-crisco\/"},"modified":"2021-05-20T16:18:10","modified_gmt":"2021-05-20T16:18:10","slug":"about-crisco","status":"publish","type":"page","link":"https:\/\/criscocanada.com\/fr-ca\/about-crisco\/","title":{"rendered":"\u00c0 Propos de Nous"},"content":{"rendered":"\t\t<div data-elementor-type=\"wp-page\" data-elementor-id=\"7885\" class=\"elementor elementor-7885 elementor-67\" data-elementor-post-type=\"page\">\n\t\t\t\t\t\t<section class=\"elementor-section elementor-top-section elementor-element elementor-element-b487b56 elementor-section-full_width elementor-section-height-default elementor-section-height-default\" data-id=\"b487b56\" data-element_type=\"section\" data-e-type=\"section\">\n\t\t\t\t\t\t<div class=\"elementor-container elementor-column-gap-default\">\n\t\t\t\t\t<div class=\"elementor-column elementor-col-100 elementor-top-column elementor-element elementor-element-ebc3422\" data-id=\"ebc3422\" data-element_type=\"column\" data-e-type=\"column\" data-settings=\"{&quot;background_background&quot;:&quot;classic&quot;}\">\n\t\t\t<div class=\"elementor-widget-wrap elementor-element-populated\">\n\t\t\t\t\t<div class=\"elementor-background-overlay\"><\/div>\n\t\t\t\t\t\t\t<\/div>\n\t\t<\/div>\n\t\t\t\t\t<\/div>\n\t\t<\/section>\n\t\t\t\t<section class=\"elementor-section elementor-top-section elementor-element elementor-element-6a6b4f8 elementor-section-boxed elementor-section-height-default elementor-section-height-default\" data-id=\"6a6b4f8\" data-element_type=\"section\" data-e-type=\"section\">\n\t\t\t\t\t\t<div class=\"elementor-container elementor-column-gap-default\">\n\t\t\t\t\t<div class=\"elementor-column elementor-col-100 elementor-top-column elementor-element elementor-element-b596393\" data-id=\"b596393\" data-element_type=\"column\" data-e-type=\"column\">\n\t\t\t<div class=\"elementor-widget-wrap elementor-element-populated\">\n\t\t\t\t\t\t<div class=\"elementor-element elementor-element-f11f3e5 elementor-widget elementor-widget-spacer\" data-id=\"f11f3e5\" data-element_type=\"widget\" data-e-type=\"widget\" data-widget_type=\"spacer.default\">\n\t\t\t\t<div class=\"elementor-widget-container\">\n\t\t\t\t\t\t\t<div class=\"elementor-spacer\">\n\t\t\t<div class=\"elementor-spacer-inner\"><\/div>\n\t\t<\/div>\n\t\t\t\t\t\t<\/div>\n\t\t\t\t<\/div>\n\t\t\t\t<div class=\"elementor-element elementor-element-3e904af elementor-widget elementor-widget-heading\" data-id=\"3e904af\" data-element_type=\"widget\" data-e-type=\"widget\" data-widget_type=\"heading.default\">\n\t\t\t\t<div class=\"elementor-widget-container\">\n\t\t\t\t\t<h1 class=\"elementor-heading-title elementor-size-default\">\u00c0 propos de nous\n<\/h1>\t\t\t\t<\/div>\n\t\t\t\t<\/div>\n\t\t\t\t<div class=\"elementor-element elementor-element-844bca9 elementor-widget elementor-widget-text-editor\" data-id=\"844bca9\" data-element_type=\"widget\" data-e-type=\"widget\" data-widget_type=\"text-editor.default\">\n\t\t\t\t<div class=\"elementor-widget-container\">\n\t\t\t\t\t\t\t\t\t<p><strong>CRISCO\u00aeAIDE \u00c0 CR\u00c9ER DES REPAS M\u00c9MORABLES EN FAMILLE ET CE PEU IMPORTE LA FA\u00c7ON DONT VOUS CUISINEZ.<\/strong><\/p><p>Depuis son introduction en 1911,\u00a0<strong>Crisco<sup>\u00ae<\/sup><\/strong>\u00a0a r\u00e9volutionn\u00e9 la fa\u00e7on dont les aliments sont pr\u00e9par\u00e9s ainsi que leur go\u00fbt. Premier shortening fait enti\u00e8rement \u00e0 base d&rsquo;huile v\u00e9g\u00e9tale, Crisco facilite la vie et la rend plus d\u00e9licieuse depuis plusieurs ann\u00e9es.<\/p><p>Lorsqu&rsquo;on pense \u00e0<strong>\u00a0Crisco<\/strong>, on pense \u00e0 repas maison et traditionnels. C&rsquo;est une marque reconnue, rassurante et digne de confiance depuis des g\u00e9n\u00e9rations, bien qu&rsquo;elle soit simple et sans artifices. Elle apporte une certaine fiert\u00e9 dans la cr\u00e9ation des repas et l\u2019excellence en boulangerie-p\u00e2tisserie et en cuisine.<\/p>\t\t\t\t\t\t\t\t<\/div>\n\t\t\t\t<\/div>\n\t\t\t\t\t<\/div>\n\t\t<\/div>\n\t\t\t\t\t<\/div>\n\t\t<\/section>\n\t\t\t\t<\/div>\n\t\t","protected":false},"excerpt":{"rendered":"<p>\u00c0 propos de nous CRISCO\u00aeAIDE \u00c0 CR\u00c9ER DES REPAS M\u00c9MORABLES EN FAMILLE ET CE PEU IMPORTE LA FA\u00c7ON DONT VOUS CUISINEZ. Depuis son introduction en 1911,\u00a0Crisco\u00ae\u00a0a r\u00e9volutionn\u00e9 la fa\u00e7on dont les aliments sont pr\u00e9par\u00e9s ainsi que leur go\u00fbt. Premier shortening fait enti\u00e8rement \u00e0 base d&rsquo;huile v\u00e9g\u00e9tale, Crisco facilite la vie et la rend plus d\u00e9licieuse [&hellip;]<\/p>\n","protected":false},"author":4,"featured_media":0,"parent":0,"menu_order":0,"comment_status":"closed","ping_status":"closed","template":"elementor_header_footer","meta":{"_acf_changed":false,"yasr_overall_rating":0,"yasr_post_is_review":"","yasr_auto_insert_disabled":"","yasr_review_type":"","footnotes":""},"class_list":["post-7885","page","type-page","status-publish","hentry"],"acf":[],"yoast_head":"<!-- This site is optimized with the Yoast SEO Premium plugin v27.2 (Yoast SEO v27.2) - https:\/\/yoast.com\/product\/yoast-seo-premium-wordpress\/ -->\n<title>\u00c0 Propos de Nous - Crisco\u00ae<\/title>\n<meta name=\"robots\" content=\"index, follow, max-snippet:-1, max-image-preview:large, max-video-preview:-1\" \/>\n<link rel=\"canonical\" href=\"https:\/\/criscocanada.com\/fr-ca\/about-crisco\/\" \/>\n<meta property=\"og:locale\" content=\"fr_CA\" \/>\n<meta property=\"og:type\" content=\"article\" \/>\n<meta property=\"og:title\" content=\"\u00c0 Propos de Nous\" \/>\n<meta property=\"og:description\" content=\"\u00c0 propos de nous CRISCO\u00aeAIDE \u00c0 CR\u00c9ER DES REPAS M\u00c9MORABLES EN FAMILLE ET CE PEU IMPORTE LA FA\u00c7ON DONT VOUS CUISINEZ.Depuis son introduction en\" \/>\n<meta property=\"og:url\" content=\"https:\/\/criscocanada.com\/fr-ca\/about-crisco\/\" \/>\n<meta property=\"og:site_name\" content=\"Crisco\u00ae\" \/>\n<meta property=\"article:modified_time\" content=\"2021-05-20T16:18:10+00:00\" \/>\n<meta property=\"og:image\" content=\"https:\/\/criscocanada.com\/wp-content\/uploads\/crisco-logo.png\" \/>\n\t<meta property=\"og:image:width\" content=\"438\" \/>\n\t<meta property=\"og:image:height\" content=\"315\" \/>\n\t<meta property=\"og:image:type\" content=\"image\/png\" \/>\n<meta name=\"twitter:card\" content=\"summary_large_image\" \/>\n<meta name=\"twitter:label1\" content=\"Estimation du temps de lecture\" \/>\n\t<meta name=\"twitter:data1\" content=\"1 minute\" \/>\n<script type=\"application\/ld+json\" class=\"yoast-schema-graph\">{\"@context\":\"https:\/\/schema.org\",\"@graph\":[{\"@type\":\"WebPage\",\"@id\":\"https:\/\/criscocanada.com\/fr-ca\/about-crisco\/\",\"url\":\"https:\/\/criscocanada.com\/fr-ca\/about-crisco\/\",\"name\":\"\u00c0 Propos de Nous - Crisco\u00ae\",\"isPartOf\":{\"@id\":\"https:\/\/criscocanada.com\/#website\"},\"datePublished\":\"2020-09-01T16:51:26+00:00\",\"dateModified\":\"2021-05-20T16:18:10+00:00\",\"breadcrumb\":{\"@id\":\"https:\/\/criscocanada.com\/fr-ca\/about-crisco\/#breadcrumb\"},\"inLanguage\":\"fr-CA\",\"potentialAction\":[{\"@type\":\"ReadAction\",\"target\":[\"https:\/\/criscocanada.com\/fr-ca\/about-crisco\/\"]}]},{\"@type\":\"BreadcrumbList\",\"@id\":\"https:\/\/criscocanada.com\/fr-ca\/about-crisco\/#breadcrumb\",\"itemListElement\":[{\"@type\":\"ListItem\",\"position\":1,\"name\":\"Home\",\"item\":\"https:\/\/criscocanada.com\/fr-ca\/\"},{\"@type\":\"ListItem\",\"position\":2,\"name\":\"\u00c0 Propos de Nous\"}]},{\"@type\":\"WebSite\",\"@id\":\"https:\/\/criscocanada.com\/#website\",\"url\":\"https:\/\/criscocanada.com\/\",\"name\":\"Crisco\u00ae\",\"description\":\"At Crisco, we maximize the flavor of our spices to ensure you get the most out of dinner time with the ones you love.\",\"publisher\":{\"@id\":\"https:\/\/criscocanada.com\/#organization\"},\"potentialAction\":[{\"@type\":\"SearchAction\",\"target\":{\"@type\":\"EntryPoint\",\"urlTemplate\":\"https:\/\/criscocanada.com\/?s={search_term_string}\"},\"query-input\":{\"@type\":\"PropertyValueSpecification\",\"valueRequired\":true,\"valueName\":\"search_term_string\"}}],\"inLanguage\":\"fr-CA\"},{\"@type\":\"Organization\",\"@id\":\"https:\/\/criscocanada.com\/#organization\",\"name\":\"Crisco\u00ae Canada\",\"url\":\"https:\/\/criscocanada.com\/\",\"logo\":{\"@type\":\"ImageObject\",\"inLanguage\":\"fr-CA\",\"@id\":\"https:\/\/criscocanada.com\/#\/schema\/logo\/image\/\",\"url\":\"https:\/\/criscocanada.com\/wp-content\/uploads\/crisco-logo.png\",\"contentUrl\":\"https:\/\/criscocanada.com\/wp-content\/uploads\/crisco-logo.png\",\"width\":438,\"height\":315,\"caption\":\"Crisco\u00ae Canada\"},\"image\":{\"@id\":\"https:\/\/criscocanada.com\/#\/schema\/logo\/image\/\"},\"sameAs\":[\"https:\/\/www.pinterest.ca\/canadacrisco\"]},false]}<\/script>\n<!-- \/ Yoast SEO Premium plugin. -->","yoast_head_json":{"title":"\u00c0 Propos de Nous - Crisco\u00ae","robots":{"index":"index","follow":"follow","max-snippet":"max-snippet:-1","max-image-preview":"max-image-preview:large","max-video-preview":"max-video-preview:-1"},"canonical":"https:\/\/criscocanada.com\/fr-ca\/about-crisco\/","og_locale":"fr_CA","og_type":"article","og_title":"\u00c0 Propos de Nous","og_description":"\u00c0 propos de nous CRISCO\u00aeAIDE \u00c0 CR\u00c9ER DES REPAS M\u00c9MORABLES EN FAMILLE ET CE PEU IMPORTE LA FA\u00c7ON DONT VOUS CUISINEZ.Depuis son introduction en","og_url":"https:\/\/criscocanada.com\/fr-ca\/about-crisco\/","og_site_name":"Crisco\u00ae","article_modified_time":"2021-05-20T16:18:10+00:00","og_image":[{"width":438,"height":315,"url":"https:\/\/criscocanada.com\/wp-content\/uploads\/crisco-logo.png","type":"image\/png"}],"twitter_card":"summary_large_image","twitter_misc":{"Estimation du temps de lecture":"1 minute"},"schema":{"@context":"https:\/\/schema.org","@graph":[{"@type":"WebPage","@id":"https:\/\/criscocanada.com\/fr-ca\/about-crisco\/","url":"https:\/\/criscocanada.com\/fr-ca\/about-crisco\/","name":"\u00c0 Propos de Nous - Crisco\u00ae","isPartOf":{"@id":"https:\/\/criscocanada.com\/#website"},"datePublished":"2020-09-01T16:51:26+00:00","dateModified":"2021-05-20T16:18:10+00:00","breadcrumb":{"@id":"https:\/\/criscocanada.com\/fr-ca\/about-crisco\/#breadcrumb"},"inLanguage":"fr-CA","potentialAction":[{"@type":"ReadAction","target":["https:\/\/criscocanada.com\/fr-ca\/about-crisco\/"]}]},{"@type":"BreadcrumbList","@id":"https:\/\/criscocanada.com\/fr-ca\/about-crisco\/#breadcrumb","itemListElement":[{"@type":"ListItem","position":1,"name":"Home","item":"https:\/\/criscocanada.com\/fr-ca\/"},{"@type":"ListItem","position":2,"name":"\u00c0 Propos de Nous"}]},{"@type":"WebSite","@id":"https:\/\/criscocanada.com\/#website","url":"https:\/\/criscocanada.com\/","name":"Crisco\u00ae","description":"At Crisco, we maximize the flavor of our spices to ensure you get the most out of dinner time with the ones you love.","publisher":{"@id":"https:\/\/criscocanada.com\/#organization"},"potentialAction":[{"@type":"SearchAction","target":{"@type":"EntryPoint","urlTemplate":"https:\/\/criscocanada.com\/?s={search_term_string}"},"query-input":{"@type":"PropertyValueSpecification","valueRequired":true,"valueName":"search_term_string"}}],"inLanguage":"fr-CA"},{"@type":"Organization","@id":"https:\/\/criscocanada.com\/#organization","name":"Crisco\u00ae Canada","url":"https:\/\/criscocanada.com\/","logo":{"@type":"ImageObject","inLanguage":"fr-CA","@id":"https:\/\/criscocanada.com\/#\/schema\/logo\/image\/","url":"https:\/\/criscocanada.com\/wp-content\/uploads\/crisco-logo.png","contentUrl":"https:\/\/criscocanada.com\/wp-content\/uploads\/crisco-logo.png","width":438,"height":315,"caption":"Crisco\u00ae Canada"},"image":{"@id":"https:\/\/criscocanada.com\/#\/schema\/logo\/image\/"},"sameAs":["https:\/\/www.pinterest.ca\/canadacrisco"]},false]}},"yasr_visitor_votes":{"stars_attributes":{"read_only":false,"span_bottom":false},"number_of_votes":0,"sum_votes":0},"_links":{"self":[{"href":"https:\/\/criscocanada.com\/fr-ca\/wp-json\/wp\/v2\/pages\/7885","targetHints":{"allow":["GET"]}}],"collection":[{"href":"https:\/\/criscocanada.com\/fr-ca\/wp-json\/wp\/v2\/pages"}],"about":[{"href":"https:\/\/criscocanada.com\/fr-ca\/wp-json\/wp\/v2\/types\/page"}],"author":[{"embeddable":true,"href":"https:\/\/criscocanada.com\/fr-ca\/wp-json\/wp\/v2\/users\/4"}],"replies":[{"embeddable":true,"href":"https:\/\/criscocanada.com\/fr-ca\/wp-json\/wp\/v2\/comments?post=7885"}],"version-history":[{"count":0,"href":"https:\/\/criscocanada.com\/fr-ca\/wp-json\/wp\/v2\/pages\/7885\/revisions"}],"wp:attachment":[{"href":"https:\/\/criscocanada.com\/fr-ca\/wp-json\/wp\/v2\/media?parent=7885"}],"curies":[{"name":"wp","href":"https:\/\/api.w.org\/{rel}","templated":true}]}}