{"id":7878,"date":"2021-04-08T13:09:36","date_gmt":"2021-04-08T13:09:36","guid":{"rendered":"https:\/\/criscocanada.com\/products\/shortening\/"},"modified":"2021-05-25T19:01:58","modified_gmt":"2021-05-25T19:01:58","slug":"shortening","status":"publish","type":"page","link":"https:\/\/criscocanada.com\/fr-ca\/products\/shortening\/","title":{"rendered":"Shortening"},"content":{"rendered":"<p class=\"attachment\"><a href='https:\/\/criscocanada.com\/wp-content\/uploads\/product-butterflavorshortening_ca_fr.png'><img fetchpriority=\"high\" decoding=\"async\" width=\"300\" height=\"300\" src=\"https:\/\/criscocanada.com\/wp-content\/uploads\/product-butterflavorshortening_ca_fr-300x300.png\" class=\"attachment-medium size-medium\" alt=\"\" srcset=\"https:\/\/criscocanada.com\/wp-content\/uploads\/product-butterflavorshortening_ca_fr-300x300.png 300w, https:\/\/criscocanada.com\/wp-content\/uploads\/product-butterflavorshortening_ca_fr-150x150.png 150w, https:\/\/criscocanada.com\/wp-content\/uploads\/product-butterflavorshortening_ca_fr-768x768.png 768w, https:\/\/criscocanada.com\/wp-content\/uploads\/product-butterflavorshortening_ca_fr-350x350.png 350w, https:\/\/criscocanada.com\/wp-content\/uploads\/product-butterflavorshortening_ca_fr-600x600.png 600w, https:\/\/criscocanada.com\/wp-content\/uploads\/product-butterflavorshortening_ca_fr-100x100.png 100w, https:\/\/criscocanada.com\/wp-content\/uploads\/product-butterflavorshortening_ca_fr.png 1000w\" sizes=\"(max-width: 300px) 100vw, 300px\" \/><\/a><\/p>\n\t\t<div data-elementor-type=\"wp-page\" data-elementor-id=\"7878\" class=\"elementor elementor-7878 elementor-7752\" data-elementor-post-type=\"page\">\n\t\t\t\t\t\t<section class=\"elementor-section elementor-top-section elementor-element elementor-element-9387e6f elementor-section-full_width elementor-section-height-min-height elementor-section-items-stretch elementor-section-content-middle elementor-section-height-default\" data-id=\"9387e6f\" data-element_type=\"section\" data-e-type=\"section\">\n\t\t\t\t\t\t<div class=\"elementor-container elementor-column-gap-default\">\n\t\t\t\t\t<div class=\"elementor-column elementor-col-100 elementor-top-column elementor-element elementor-element-e65da4f\" data-id=\"e65da4f\" data-element_type=\"column\" data-e-type=\"column\" data-settings=\"{&quot;background_background&quot;:&quot;classic&quot;}\">\n\t\t\t<div class=\"elementor-widget-wrap elementor-element-populated\">\n\t\t\t\t\t<div class=\"elementor-background-overlay\"><\/div>\n\t\t\t\t\t\t<section class=\"elementor-section elementor-inner-section elementor-element elementor-element-cc5ffd7 elementor-section-full_width elementor-section-height-default elementor-section-height-default\" data-id=\"cc5ffd7\" data-element_type=\"section\" data-e-type=\"section\">\n\t\t\t\t\t\t<div class=\"elementor-container elementor-column-gap-default\">\n\t\t\t\t\t<div class=\"elementor-column elementor-col-33 elementor-inner-column elementor-element elementor-element-988dc76\" data-id=\"988dc76\" data-element_type=\"column\" data-e-type=\"column\">\n\t\t\t<div class=\"elementor-widget-wrap elementor-element-populated\">\n\t\t\t\t\t\t<div class=\"elementor-element elementor-element-1454708 elementor-widget elementor-widget-spacer\" data-id=\"1454708\" data-element_type=\"widget\" data-e-type=\"widget\" data-widget_type=\"spacer.default\">\n\t\t\t\t<div class=\"elementor-widget-container\">\n\t\t\t\t\t\t\t<div class=\"elementor-spacer\">\n\t\t\t<div class=\"elementor-spacer-inner\"><\/div>\n\t\t<\/div>\n\t\t\t\t\t\t<\/div>\n\t\t\t\t<\/div>\n\t\t\t\t\t<\/div>\n\t\t<\/div>\n\t\t\t\t<div class=\"elementor-column elementor-col-33 elementor-inner-column elementor-element elementor-element-7fbdf7e\" data-id=\"7fbdf7e\" data-element_type=\"column\" data-e-type=\"column\">\n\t\t\t<div class=\"elementor-widget-wrap elementor-element-populated\">\n\t\t\t\t\t\t<div class=\"elementor-element elementor-element-942049f elementor-widget elementor-widget-text-editor\" data-id=\"942049f\" data-element_type=\"widget\" data-e-type=\"widget\" data-widget_type=\"text-editor.default\">\n\t\t\t\t<div class=\"elementor-widget-container\">\n\t\t\t\t\t\t\t\t\t<h2>Shortening<\/h2>\nIl y a de nombreuses raisons d\u2019adorer notre shortening tout v\u00e9g\u00e9tal. Nos principales sont: il rend votre cro\u00fbte \u00e0 tarte feuillet\u00e9e, vos g\u00e2teaux et biscuits moelleux, et votre gla\u00e7age mousseux.\t\t\t\t\t\t\t\t<\/div>\n\t\t\t\t<\/div>\n\t\t\t\t\t<\/div>\n\t\t<\/div>\n\t\t\t\t<div class=\"elementor-column elementor-col-33 elementor-inner-column elementor-element elementor-element-57d6437 elementor-hidden-phone\" data-id=\"57d6437\" data-element_type=\"column\" data-e-type=\"column\">\n\t\t\t<div class=\"elementor-widget-wrap\">\n\t\t\t\t\t\t\t<\/div>\n\t\t<\/div>\n\t\t\t\t\t<\/div>\n\t\t<\/section>\n\t\t\t\t\t<\/div>\n\t\t<\/div>\n\t\t\t\t\t<\/div>\n\t\t<\/section>\n\t\t\t\t<section class=\"elementor-section elementor-top-section elementor-element elementor-element-84a50a8 elementor-section-boxed elementor-section-height-default elementor-section-height-default\" data-id=\"84a50a8\" data-element_type=\"section\" data-e-type=\"section\">\n\t\t\t\t\t\t<div class=\"elementor-container elementor-column-gap-default\">\n\t\t\t\t\t<div class=\"elementor-column elementor-col-100 elementor-top-column elementor-element elementor-element-2b6873f\" data-id=\"2b6873f\" data-element_type=\"column\" data-e-type=\"column\">\n\t\t\t<div class=\"elementor-widget-wrap elementor-element-populated\">\n\t\t\t\t\t\t<div class=\"elementor-element elementor-element-bee8f62 elementor-widget elementor-widget-spacer\" data-id=\"bee8f62\" data-element_type=\"widget\" data-e-type=\"widget\" data-widget_type=\"spacer.default\">\n\t\t\t\t<div class=\"elementor-widget-container\">\n\t\t\t\t\t\t\t<div class=\"elementor-spacer\">\n\t\t\t<div class=\"elementor-spacer-inner\"><\/div>\n\t\t<\/div>\n\t\t\t\t\t\t<\/div>\n\t\t\t\t<\/div>\n\t\t\t\t<div class=\"elementor-element elementor-element-4a76d5b elementor-widget elementor-widget-shortcode\" data-id=\"4a76d5b\" data-element_type=\"widget\" data-e-type=\"widget\" data-widget_type=\"shortcode.default\">\n\t\t\t\t<div class=\"elementor-widget-container\">\n\t\t\t\t\t\t\t<div class=\"elementor-shortcode\"><!-- Gridbuilder \u1d42\u1d3e Plugin (https:\/\/wpgridbuilder.com) -->\n<div class=\"wp-grid-builder wpgb-grid-8 products-shortening\" data-options=\"{&quot;id&quot;:8,&quot;type&quot;:&quot;masonry&quot;,&quot;source&quot;:&quot;post_type&quot;,&quot;loader&quot;:0,&quot;layout&quot;:&quot;vertical&quot;,&quot;reveal&quot;:0,&quot;isMainQuery&quot;:0,&quot;lazyLoad&quot;:0,&quot;cardSizes&quot;:{&quot;9999&quot;:{&quot;columns&quot;:3,&quot;height&quot;:240,&quot;gutter&quot;:20,&quot;ratio&quot;:&quot;1.33333&quot;},&quot;1200&quot;:{&quot;columns&quot;:3,&quot;height&quot;:240,&quot;gutter&quot;:20,&quot;ratio&quot;:&quot;1.33333&quot;},&quot;992&quot;:{&quot;columns&quot;:3,&quot;height&quot;:220,&quot;gutter&quot;:20,&quot;ratio&quot;:&quot;1.33333&quot;},&quot;768&quot;:{&quot;columns&quot;:2,&quot;height&quot;:220,&quot;gutter&quot;:20,&quot;ratio&quot;:&quot;1.33333&quot;},&quot;576&quot;:{&quot;columns&quot;:2,&quot;height&quot;:200,&quot;gutter&quot;:20,&quot;ratio&quot;:&quot;1.33333&quot;},&quot;320&quot;:{&quot;columns&quot;:2,&quot;height&quot;:200,&quot;gutter&quot;:20,&quot;ratio&quot;:&quot;1.33333&quot;}},&quot;fitRows&quot;:1,&quot;equalRows&quot;:0,&quot;equalColumns&quot;:1,&quot;fillLastRow&quot;:0,&quot;centerLastRow&quot;:0,&quot;horizontalOrder&quot;:1,&quot;fullWidth&quot;:0,&quot;transitionDelay&quot;:100,&quot;gallerySlideshow&quot;:0,&quot;rowsNumber&quot;:1,&quot;slideAlign&quot;:&quot;left&quot;,&quot;groupCells&quot;:1,&quot;draggable&quot;:1,&quot;initialIndex&quot;:0,&quot;contain&quot;:0,&quot;freeScroll&quot;:0,&quot;freeFriction&quot;:&quot;0.075&quot;,&quot;friction&quot;:&quot;0.285&quot;,&quot;attraction&quot;:&quot;0.025&quot;,&quot;autoPlay&quot;:0,&quot;pageDotAriaLabel&quot;:&quot;Page dot %d&quot;,&quot;isPreview&quot;:false,&quot;isGutenberg&quot;:false,&quot;rightToLeft&quot;:false}\"><div class=\"wpgb-svg-icons\" hidden>\n\t<svg viewBox=\"0 0 120 24\" width=\"0\" height=\"0\">\n\t<defs>\n        <polygon id=\"wpgb-star-svg\" points=\"12 2.5 15.1 8.8 22 9.8 17 14.6 18.2 21.5 12 18.3 5.8 21.5 7 14.6 2 9.8 8.9 8.8\"><\/polygon>\n    <\/defs>\n    <symbol id=\"wpgb-rating-stars-svg\">\n        <use xlink:href=\"#wpgb-star-svg\"><\/use>\n        <use xlink:href=\"#wpgb-star-svg\" x=\"24\"><\/use>\n        <use xlink:href=\"#wpgb-star-svg\" x=\"48\"><\/use>\n        <use xlink:href=\"#wpgb-star-svg\" x=\"72\"><\/use>\n        <use xlink:href=\"#wpgb-star-svg\" x=\"96\"><\/use>\n    <\/symbol>\n<\/svg>\n<\/div>\n<div class=\"wpgb-wrapper\">\n\t<div class=\"wpgb-main\">\n\t<div class=\"wpgb-layout\">\n\t<div class=\"wpgb-viewport\">\n\t\t<div class=\"wpgb-masonry\">\n\t\t\t<article class=\"wpgb-card wpgb-card-2 wpgb-post-7997\" data-col=\"1\" data-row=\"1\" data-format=\"standard\"><div class=\"wpgb-card-wrapper\"><div class=\"wpgb-card-inner\" data-action><div class=\"wpgb-card-media wpgb-scheme-light\"><svg data-ratio style=\"padding-top:100%\" viewBox=\"0 0 768 768\"><\/svg><div class=\"wpgb-card-media-thumbnail\"><a href=\"https:\/\/criscocanada.com\/wp-content\/uploads\/product-vegshorteningsticks_ca_fr.png\" tabindex=\"-1\" class=\"wpgb-handle-lb wpgb-lightbox\" data-type=\"image\" data-rel=\"8\" data-title=\"product-vegshorteningsticks_ca_fr\" title=\"Enlarge photo\"><div style=\"background-image:url(https:\/\/criscocanada.com\/wp-content\/uploads\/product-vegshorteningsticks_ca_fr-768x768.png)\"><\/div><noscript><img decoding=\"async\" class=\"wpgb-noscript-img\" src=\"https:\/\/criscocanada.com\/wp-content\/uploads\/product-vegshorteningsticks_ca_fr-768x768.png\" alt=\"\" height=\"768\" width=\"768\"><\/noscript><\/a><\/div><\/div><div class=\"wpgb-card-content wpgb-scheme-dark\"><div class=\"wpgb-card-body\"><h3 class=\"wpgb-block-2 product-card-title\"><a href=\"https:\/\/criscocanada.com\/fr-ca\/produit\/all-vegetable-shortening-baking-sticks\/\">B\u00e2tonnets de Shortening Tout V\u00e9g\u00e9tal<\/a><\/h3><\/div><\/div><a class=\"wpgb-card-layer-link\" href=\"https:\/\/criscocanada.com\/fr-ca\/produit\/all-vegetable-shortening-baking-sticks\/\"><\/a><\/div><\/div><\/article><article class=\"wpgb-card wpgb-card-2 wpgb-post-7995\" data-col=\"1\" data-row=\"1\" data-format=\"standard\"><div class=\"wpgb-card-wrapper\"><div class=\"wpgb-card-inner\" data-action><div class=\"wpgb-card-media wpgb-scheme-light\"><svg data-ratio style=\"padding-top:100%\" viewBox=\"0 0 768 768\"><\/svg><div class=\"wpgb-card-media-thumbnail\"><a href=\"https:\/\/criscocanada.com\/wp-content\/uploads\/product-allvegetableshortening_ca_fr.png\" tabindex=\"-1\" class=\"wpgb-handle-lb wpgb-lightbox\" data-type=\"image\" data-rel=\"8\" data-title=\"product-allvegetableshortening_ca_fr\" title=\"Enlarge photo\"><div style=\"background-image:url(https:\/\/criscocanada.com\/wp-content\/uploads\/product-allvegetableshortening_ca_fr-768x768.png)\"><\/div><noscript><img decoding=\"async\" class=\"wpgb-noscript-img\" src=\"https:\/\/criscocanada.com\/wp-content\/uploads\/product-allvegetableshortening_ca_fr-768x768.png\" alt=\"\" height=\"768\" width=\"768\"><\/noscript><\/a><\/div><\/div><div class=\"wpgb-card-content wpgb-scheme-dark\"><div class=\"wpgb-card-body\"><h3 class=\"wpgb-block-2 product-card-title\"><a href=\"https:\/\/criscocanada.com\/fr-ca\/produit\/all-vegetable-shortening\/\">Shortening Tout V\u00e9g\u00e9tal<\/a><\/h3><\/div><\/div><a class=\"wpgb-card-layer-link\" href=\"https:\/\/criscocanada.com\/fr-ca\/produit\/all-vegetable-shortening\/\"><\/a><\/div><\/div><\/article><article class=\"wpgb-card wpgb-card-2 wpgb-post-7989\" data-col=\"1\" data-row=\"1\" data-format=\"standard\"><div class=\"wpgb-card-wrapper\"><div class=\"wpgb-card-inner\" data-action><div class=\"wpgb-card-media wpgb-scheme-light\"><svg data-ratio style=\"padding-top:100%\" viewBox=\"0 0 768 768\"><\/svg><div class=\"wpgb-card-media-thumbnail\"><a href=\"https:\/\/criscocanada.com\/wp-content\/uploads\/product-butterflavorshortening_ca_fr.png\" tabindex=\"-1\" class=\"wpgb-handle-lb wpgb-lightbox\" data-type=\"image\" data-rel=\"8\" data-title=\"product-butterflavorshortening_ca_fr\" title=\"Enlarge photo\"><div style=\"background-image:url(https:\/\/criscocanada.com\/wp-content\/uploads\/product-butterflavorshortening_ca_fr-768x768.png)\"><\/div><noscript><img loading=\"lazy\" decoding=\"async\" class=\"wpgb-noscript-img\" src=\"https:\/\/criscocanada.com\/wp-content\/uploads\/product-butterflavorshortening_ca_fr-768x768.png\" alt=\"\" height=\"768\" width=\"768\"><\/noscript><\/a><\/div><\/div><div class=\"wpgb-card-content wpgb-scheme-dark\"><div class=\"wpgb-card-body\"><h3 class=\"wpgb-block-2 product-card-title\"><a href=\"https:\/\/criscocanada.com\/fr-ca\/produit\/golden-all-vegetable-shortening\/\">Shortening Tout V\u00e9g\u00e9tal Dor\u00e9<\/a><\/h3><\/div><\/div><a class=\"wpgb-card-layer-link\" href=\"https:\/\/criscocanada.com\/fr-ca\/produit\/golden-all-vegetable-shortening\/\"><\/a><\/div><\/div><\/article>\t\t<\/div>\n\t<\/div>\n\t<\/div>\n\t<\/div>\n\t\t<\/div>\n<\/div>\n<\/div>\n\t\t\t\t\t\t<\/div>\n\t\t\t\t<\/div>\n\t\t\t\t\t<\/div>\n\t\t<\/div>\n\t\t\t\t\t<\/div>\n\t\t<\/section>\n\t\t\t\t<\/div>\n\t\t","protected":false},"excerpt":{"rendered":"<p>Shortening Il y a de nombreuses raisons d\u2019adorer notre shortening tout v\u00e9g\u00e9tal. Nos principales sont: il rend votre cro\u00fbte \u00e0 tarte feuillet\u00e9e, vos g\u00e2teaux et biscuits moelleux, et votre gla\u00e7age mousseux.<\/p>\n","protected":false},"author":11,"featured_media":0,"parent":7856,"menu_order":0,"comment_status":"closed","ping_status":"closed","template":"elementor_header_footer","meta":{"_acf_changed":false,"yasr_overall_rating":0,"yasr_post_is_review":"","yasr_auto_insert_disabled":"","yasr_review_type":"","footnotes":""},"class_list":["post-7878","page","type-page","status-publish","hentry"],"acf":[],"yoast_head":"<!-- This site is optimized with the Yoast SEO Premium plugin v27.2 (Yoast SEO v27.2) - https:\/\/yoast.com\/product\/yoast-seo-premium-wordpress\/ -->\n<title>Shortening - Crisco\u00ae<\/title>\n<meta name=\"robots\" content=\"index, follow, max-snippet:-1, max-image-preview:large, max-video-preview:-1\" \/>\n<link rel=\"canonical\" href=\"https:\/\/criscocanada.com\/fr-ca\/products\/shortening\/\" \/>\n<meta property=\"og:locale\" content=\"fr_CA\" \/>\n<meta property=\"og:type\" content=\"article\" \/>\n<meta property=\"og:title\" content=\"Shortening\" \/>\n<meta property=\"og:description\" content=\"Shortening Il y a de nombreuses raisons d\u2019adorer notre shortening tout v\u00e9g\u00e9tal. Nos principales sont: il rend votre cro\u00fbte \u00e0 tarte feuillet\u00e9e, vos g\u00e2teaux\" \/>\n<meta property=\"og:url\" content=\"https:\/\/criscocanada.com\/fr-ca\/products\/shortening\/\" \/>\n<meta property=\"og:site_name\" content=\"Crisco\u00ae\" \/>\n<meta property=\"article:modified_time\" content=\"2021-05-25T19:01:58+00:00\" \/>\n<meta property=\"og:image\" content=\"https:\/\/criscocanada.com\/wp-content\/uploads\/crisco-logo.png\" \/>\n\t<meta property=\"og:image:width\" content=\"438\" \/>\n\t<meta property=\"og:image:height\" content=\"315\" \/>\n\t<meta property=\"og:image:type\" content=\"image\/png\" \/>\n<meta name=\"twitter:card\" content=\"summary_large_image\" \/>\n<meta name=\"twitter:label1\" content=\"Estimation du temps de lecture\" \/>\n\t<meta name=\"twitter:data1\" content=\"1 minute\" \/>\n<script type=\"application\/ld+json\" class=\"yoast-schema-graph\">{\"@context\":\"https:\/\/schema.org\",\"@graph\":[{\"@type\":\"WebPage\",\"@id\":\"https:\/\/criscocanada.com\/fr-ca\/products\/shortening\/\",\"url\":\"https:\/\/criscocanada.com\/fr-ca\/products\/shortening\/\",\"name\":\"Shortening - Crisco\u00ae\",\"isPartOf\":{\"@id\":\"https:\/\/criscocanada.com\/#website\"},\"datePublished\":\"2021-04-08T13:09:36+00:00\",\"dateModified\":\"2021-05-25T19:01:58+00:00\",\"breadcrumb\":{\"@id\":\"https:\/\/criscocanada.com\/fr-ca\/products\/shortening\/#breadcrumb\"},\"inLanguage\":\"fr-CA\",\"potentialAction\":[{\"@type\":\"ReadAction\",\"target\":[\"https:\/\/criscocanada.com\/fr-ca\/products\/shortening\/\"]}]},{\"@type\":\"BreadcrumbList\",\"@id\":\"https:\/\/criscocanada.com\/fr-ca\/products\/shortening\/#breadcrumb\",\"itemListElement\":[{\"@type\":\"ListItem\",\"position\":1,\"name\":\"Home\",\"item\":\"https:\/\/criscocanada.com\/fr-ca\/\"},{\"@type\":\"ListItem\",\"position\":2,\"name\":\"Produits\",\"item\":\"https:\/\/criscocanada.com\/fr-ca\/products\/\"},{\"@type\":\"ListItem\",\"position\":3,\"name\":\"Shortening\"}]},{\"@type\":\"WebSite\",\"@id\":\"https:\/\/criscocanada.com\/#website\",\"url\":\"https:\/\/criscocanada.com\/\",\"name\":\"Crisco\u00ae\",\"description\":\"At Crisco, we maximize the flavor of our spices to ensure you get the most out of dinner time with the ones you love.\",\"publisher\":{\"@id\":\"https:\/\/criscocanada.com\/#organization\"},\"potentialAction\":[{\"@type\":\"SearchAction\",\"target\":{\"@type\":\"EntryPoint\",\"urlTemplate\":\"https:\/\/criscocanada.com\/?s={search_term_string}\"},\"query-input\":{\"@type\":\"PropertyValueSpecification\",\"valueRequired\":true,\"valueName\":\"search_term_string\"}}],\"inLanguage\":\"fr-CA\"},{\"@type\":\"Organization\",\"@id\":\"https:\/\/criscocanada.com\/#organization\",\"name\":\"Crisco\u00ae Canada\",\"url\":\"https:\/\/criscocanada.com\/\",\"logo\":{\"@type\":\"ImageObject\",\"inLanguage\":\"fr-CA\",\"@id\":\"https:\/\/criscocanada.com\/#\/schema\/logo\/image\/\",\"url\":\"https:\/\/criscocanada.com\/wp-content\/uploads\/crisco-logo.png\",\"contentUrl\":\"https:\/\/criscocanada.com\/wp-content\/uploads\/crisco-logo.png\",\"width\":438,\"height\":315,\"caption\":\"Crisco\u00ae Canada\"},\"image\":{\"@id\":\"https:\/\/criscocanada.com\/#\/schema\/logo\/image\/\"},\"sameAs\":[\"https:\/\/www.pinterest.ca\/canadacrisco\"]},false]}<\/script>\n<!-- \/ Yoast SEO Premium plugin. -->","yoast_head_json":{"title":"Shortening - Crisco\u00ae","robots":{"index":"index","follow":"follow","max-snippet":"max-snippet:-1","max-image-preview":"max-image-preview:large","max-video-preview":"max-video-preview:-1"},"canonical":"https:\/\/criscocanada.com\/fr-ca\/products\/shortening\/","og_locale":"fr_CA","og_type":"article","og_title":"Shortening","og_description":"Shortening Il y a de nombreuses raisons d\u2019adorer notre shortening tout v\u00e9g\u00e9tal. Nos principales sont: il rend votre cro\u00fbte \u00e0 tarte feuillet\u00e9e, vos g\u00e2teaux","og_url":"https:\/\/criscocanada.com\/fr-ca\/products\/shortening\/","og_site_name":"Crisco\u00ae","article_modified_time":"2021-05-25T19:01:58+00:00","og_image":[{"width":438,"height":315,"url":"https:\/\/criscocanada.com\/wp-content\/uploads\/crisco-logo.png","type":"image\/png"}],"twitter_card":"summary_large_image","twitter_misc":{"Estimation du temps de lecture":"1 minute"},"schema":{"@context":"https:\/\/schema.org","@graph":[{"@type":"WebPage","@id":"https:\/\/criscocanada.com\/fr-ca\/products\/shortening\/","url":"https:\/\/criscocanada.com\/fr-ca\/products\/shortening\/","name":"Shortening - Crisco\u00ae","isPartOf":{"@id":"https:\/\/criscocanada.com\/#website"},"datePublished":"2021-04-08T13:09:36+00:00","dateModified":"2021-05-25T19:01:58+00:00","breadcrumb":{"@id":"https:\/\/criscocanada.com\/fr-ca\/products\/shortening\/#breadcrumb"},"inLanguage":"fr-CA","potentialAction":[{"@type":"ReadAction","target":["https:\/\/criscocanada.com\/fr-ca\/products\/shortening\/"]}]},{"@type":"BreadcrumbList","@id":"https:\/\/criscocanada.com\/fr-ca\/products\/shortening\/#breadcrumb","itemListElement":[{"@type":"ListItem","position":1,"name":"Home","item":"https:\/\/criscocanada.com\/fr-ca\/"},{"@type":"ListItem","position":2,"name":"Produits","item":"https:\/\/criscocanada.com\/fr-ca\/products\/"},{"@type":"ListItem","position":3,"name":"Shortening"}]},{"@type":"WebSite","@id":"https:\/\/criscocanada.com\/#website","url":"https:\/\/criscocanada.com\/","name":"Crisco\u00ae","description":"At Crisco, we maximize the flavor of our spices to ensure you get the most out of dinner time with the ones you love.","publisher":{"@id":"https:\/\/criscocanada.com\/#organization"},"potentialAction":[{"@type":"SearchAction","target":{"@type":"EntryPoint","urlTemplate":"https:\/\/criscocanada.com\/?s={search_term_string}"},"query-input":{"@type":"PropertyValueSpecification","valueRequired":true,"valueName":"search_term_string"}}],"inLanguage":"fr-CA"},{"@type":"Organization","@id":"https:\/\/criscocanada.com\/#organization","name":"Crisco\u00ae Canada","url":"https:\/\/criscocanada.com\/","logo":{"@type":"ImageObject","inLanguage":"fr-CA","@id":"https:\/\/criscocanada.com\/#\/schema\/logo\/image\/","url":"https:\/\/criscocanada.com\/wp-content\/uploads\/crisco-logo.png","contentUrl":"https:\/\/criscocanada.com\/wp-content\/uploads\/crisco-logo.png","width":438,"height":315,"caption":"Crisco\u00ae Canada"},"image":{"@id":"https:\/\/criscocanada.com\/#\/schema\/logo\/image\/"},"sameAs":["https:\/\/www.pinterest.ca\/canadacrisco"]},false]}},"yasr_visitor_votes":{"stars_attributes":{"read_only":false,"span_bottom":false},"number_of_votes":0,"sum_votes":0},"_links":{"self":[{"href":"https:\/\/criscocanada.com\/fr-ca\/wp-json\/wp\/v2\/pages\/7878","targetHints":{"allow":["GET"]}}],"collection":[{"href":"https:\/\/criscocanada.com\/fr-ca\/wp-json\/wp\/v2\/pages"}],"about":[{"href":"https:\/\/criscocanada.com\/fr-ca\/wp-json\/wp\/v2\/types\/page"}],"author":[{"embeddable":true,"href":"https:\/\/criscocanada.com\/fr-ca\/wp-json\/wp\/v2\/users\/11"}],"replies":[{"embeddable":true,"href":"https:\/\/criscocanada.com\/fr-ca\/wp-json\/wp\/v2\/comments?post=7878"}],"version-history":[{"count":0,"href":"https:\/\/criscocanada.com\/fr-ca\/wp-json\/wp\/v2\/pages\/7878\/revisions"}],"up":[{"embeddable":true,"href":"https:\/\/criscocanada.com\/fr-ca\/wp-json\/wp\/v2\/pages\/7856"}],"wp:attachment":[{"href":"https:\/\/criscocanada.com\/fr-ca\/wp-json\/wp\/v2\/media?parent=7878"}],"curies":[{"name":"wp","href":"https:\/\/api.w.org\/{rel}","templated":true}]}}